{"id":4413,"date":"2024-08-07T10:31:01","date_gmt":"2024-08-07T08:31:01","guid":{"rendered":"https:\/\/nostalgic-ishizaka.82-223-1-47.plesk.page\/educaciolocal\/?page_id=4413"},"modified":"2024-08-07T10:31:02","modified_gmt":"2024-08-07T08:31:02","slug":"avis-legal-i-politica-de-privacitat","status":"publish","type":"page","link":"https:\/\/diarieducacio.cat\/educaciolocal\/avis-legal-i-politica-de-privacitat\/","title":{"rendered":"Av\u00eds legal i pol\u00edtica de privacitat"},"content":{"rendered":"\n<p>Aquesta p\u00e0gina web \u00e9s propietat de FUNDACI\u00d3 PERIODISME PLURAL, i t\u00e9 car\u00e0cter period\u00edstic. \u00c9s un diari digital que informa de l\u2019actualitat del m\u00f3n educatiu a Catalunya i a la resta de l\u2019Estat. El fet d\u2019accedir a aquesta p\u00e0gina implica el coneixement i acceptaci\u00f3 dels seg\u00fcents termes i condicions d\u2019\u00fas.<\/p>\n\n\n\n<p>1.&nbsp;<strong>Titularitat de la p\u00e0gina web<\/strong>. El nom del domini&nbsp;<a href=\"http:\/\/www.diarieducacio.cat\/\">diarieducacio.cat<\/a>&nbsp;est\u00e0 registrat a favor de FUNDACI\u00d3 PERIODISME PLURAL, amb CIF G65978348 i domicili social en Avda. Josep Tarradellas 13, entres\u00f2l 2a, 08029 \u2013 Barcelona, &nbsp;i adre\u00e7a de correu electr\u00f2nic&nbsp;fundacio@periodismeplural.cat.<\/p>\n\n\n\n<p><strong>ISSN 2339-9619<\/strong><\/p>\n\n\n\n<p>2.&nbsp;<strong>Propietat intel\u00b7lectual del web.&nbsp;<\/strong>EL DIARI DE L\u2019EDUCACI\u00d3 utilitza la llic\u00e8ncia Creative Commons BY-NC-SA (<a href=\"https:\/\/creativecommons.org\/licenses\/by-nc-sa\/4.0\/deed.ca\">veure detalls<\/a>). Aix\u00f2 significa que l\u2019USUARI pots copiar, difondre i remesclar el nostre contingut a Internet, excepte si \u00e9s amb la intenci\u00f3 d\u2019obtenir un benefici econ\u00f2mic, sempre que l\u2019USUARI utilitzi tamb\u00e9 aquest mateix tipus de llic\u00e8ncia, \u00e9s a dir, CC-BY-NC-SA, sempre i quan no s\u2019indiqui una llic\u00e8ncia diferent. Per descomptat, sempre haur\u00e0 de citar i enlla\u00e7ar la font i l\u2019autor del contingut que utilitzi.<\/p>\n\n\n\n<p>Si l\u2019USUARI utilitza el contingut amb finalitats directament o indirectament comercials i no s\u2019acull exactament a aquesta llic\u00e8ncia, demanem si us plau que es posi en contacte amb nosaltres perqu\u00e8 autoritzem el seu \u00fas.<\/p>\n\n\n\n<p>3.&nbsp;<strong>Intercanvi o difusi\u00f3 d\u2019informaci\u00f3<\/strong>.&nbsp;EL DIARI DE L\u2019EDUCACI\u00d3 declina tota responsabilitat derivada de l\u2019intercanvi d\u2019informaci\u00f3 entre usuaris a trav\u00e9s de la seva p\u00e0gina web. Especialment no ens fem responsables de l\u2019\u00fas que els menors puguin fer d\u2019ella en cas que els continguts al fet que tinguin acc\u00e9s puguin ferir la seva sensibilitat.<\/p>\n\n\n\n<p>4.&nbsp;<strong>Actualitzaci\u00f3 i modificaci\u00f3 de la p\u00e0gina web<\/strong>.&nbsp;EL DIARI DE L\u2019EDUCACI\u00d3 es reserva el dret d\u2019actualitzar, modificar o eliminar la informaci\u00f3 continguda en aquesta p\u00e0gina web, i la seva configuraci\u00f3 o presentaci\u00f3, en qualsevol moment, sense previ av\u00eds i sense assumir cap tipus de responsabilitat per fer-ho.<\/p>\n\n\n\n<p>5.&nbsp;<strong>Indicacions sobre aspectes t\u00e8cnics<\/strong>.&nbsp;EL DIARI DE L\u2019EDUCACI\u00d3 no assumeix responsabilitat alguna derivada de problemes t\u00e8cnics o fallades en els equips inform\u00e0tics, que es produeixin durant la connexi\u00f3 a Internet, o que puguin ser originats per terceres persones a trav\u00e9s d\u2019intromissions il\u00b7leg\u00edtimes fos del seu control.<\/p>\n\n\n\n<p>Des de&nbsp;EL DIARI DE L\u2019EDUCACI\u00d3 no es garanteix l\u2019abs\u00e8ncia de virus i altres elements que puguin causar danys en els sistemes inform\u00e0tics, els documents electr\u00f2nics o els fitxers d\u2019usuari d\u2019aquesta p\u00e0gina web o de p\u00e0gines web de tercers, i no es responsabilitza dels danys i perjudicis que es puguin arribar a produir per aquests motius. D\u2019igual forma, no es responsabilitza davant possibles danys i perjudicis que puguin afectar a l\u2019usuari com a conseq\u00fc\u00e8ncia d\u2019errors, defectes o omissions en la informaci\u00f3 que facilita quan procedeix de terceres fonts.<\/p>\n\n\n\n<p>6.&nbsp;<strong>Tractament de dades de l\u2019usuari<\/strong>.<\/p>\n\n\n\n<p>Totes les dades que l\u2019usuari pugui facilitar a&nbsp;EL DIARI DE L\u2019EDUCACI\u00d3 a trav\u00e9s del seu mail de contacte o del formulari de dades que es facilita en l\u2019apartat \u201cSubscriptors\u201d, s\u2019inclouran en un fitxer titularitat de FUNDACI\u00d3 PERIODISME PLURAL degudament inscrit en el RGAEPD, i comptar\u00e0 amb totes les mesures de seguretat, necess\u00e0ries i exigides per la normativa vigent en mat\u00e8ria de Protecci\u00f3 de Dades L.O 15\/1999 de 13 de Desembre i el seu Reglament de Desenvolupament aprovat pel RD1720\/2007.<\/p>\n\n\n\n<p>FUNDACI\u00d3 PERIODISME PLURAL i EL DIARI DE L\u2019EDUCACI\u00d3 no cediran o comunicaran a tercers les dades recaptades sense previ consentiment expr\u00e9s de l\u2019usuari, excepte en el cas que la comunicaci\u00f3 sigui necess\u00e0ria per prestar-li el servei que l\u2019usuari ens hagi sol\u00b7licitat.<\/p>\n\n\n\n<p>Utilitzarem les seves dades de contacte per mantenir-li informat sobre les activitats i esdeveniments promocionats per la nostra Fundaci\u00f3.<\/p>\n\n\n\n<p>L\u2019usuari podr\u00e0 exercitar els seus drets d\u2019acc\u00e9s, rectificaci\u00f3, cancel\u00b7laci\u00f3 i oposici\u00f3, dirigint-se a FUNDACI\u00d3 PERIODISME PLURAL, Responsable del Fitxer, a trav\u00e9s del correu electr\u00f2nic&nbsp;fundacio@periodismeplural.cat<\/p>\n\n\n\n<p><strong>\u00das de cookies<\/strong>. Aquesta p\u00e0gina web pot utilitzar cookies t\u00e8cniques necess\u00e0ries per la seva optima gesti\u00f3, l\u2019usuari t\u00e9 la possibilitat d\u2019impedir la generaci\u00f3 de cookies, marcant la corresponent opci\u00f3 de men\u00fa al seu programa de navegaci\u00f3 encara que si opta per desactivar l\u2019\u00fas de les cookies \u00e9s possible que es vegi afectat el funcionament d\u2019aquesta p\u00e0gina web.<\/p>\n\n\n\n<p>7.&nbsp;<strong>Legislaci\u00f3 i jurisdicci\u00f3 aplicable<\/strong>. Amb car\u00e0cter general, les relacions amb els usuaris, derivades de la prestaci\u00f3 de serveis continguts en aquesta p\u00e0gina web, estan sotmesos a la legislaci\u00f3 i jurisdicci\u00f3 espanyola. Els usuaris d\u2019aquesta p\u00e0gina web s\u00f3n conscients de tot el que s\u2019ha exposat i ho accepten volunt\u00e0riament.<\/p>\n","protected":false},"excerpt":{"rendered":"<p>Aquesta p\u00e0gina web \u00e9s propietat de FUNDACI\u00d3 PERIODISME PLURAL, i t\u00e9 car\u00e0cter period\u00edstic. \u00c9s un diari digital que informa de l\u2019actualitat del m\u00f3n educatiu a Catalunya i a la resta de l\u2019Estat. El fet d\u2019accedir a aquesta p\u00e0gina implica el coneixement i acceptaci\u00f3 dels seg\u00fcents termes i condicions d\u2019\u00fas. 1.&nbsp;Titularitat de la p\u00e0gina web. El<\/p>\n","protected":false},"author":1,"featured_media":0,"parent":0,"menu_order":0,"comment_status":"closed","ping_status":"closed","template":"","meta":{"footnotes":""},"class_list":["post-4413","page","type-page","status-publish"],"yoast_head":"<!-- This site is optimized with the Yoast SEO plugin v27.3 - https:\/\/yoast.com\/product\/yoast-seo-wordpress\/ -->\n<title>Av\u00eds legal i pol\u00edtica de privacitat - El blog de l&#039;educaci\u00f3 local<\/title>\n<meta name=\"robots\" content=\"index, follow, max-snippet:-1, max-image-preview:large, max-video-preview:-1\" \/>\n<link rel=\"canonical\" href=\"https:\/\/diarieducacio.cat\/educaciolocal\/avis-legal-i-politica-de-privacitat\/\" \/>\n<meta property=\"og:locale\" content=\"ca_ES\" \/>\n<meta property=\"og:type\" content=\"article\" \/>\n<meta property=\"og:title\" content=\"Av\u00eds legal i pol\u00edtica de privacitat - El blog de l&#039;educaci\u00f3 local\" \/>\n<meta property=\"og:description\" content=\"Aquesta p\u00e0gina web \u00e9s propietat de FUNDACI\u00d3 PERIODISME PLURAL, i t\u00e9 car\u00e0cter period\u00edstic. \u00c9s un diari digital que informa de l\u2019actualitat del m\u00f3n educatiu a Catalunya i a la resta de l\u2019Estat. El fet d\u2019accedir a aquesta p\u00e0gina implica el coneixement i acceptaci\u00f3 dels seg\u00fcents termes i condicions d\u2019\u00fas. 1.&nbsp;Titularitat de la p\u00e0gina web. El\" \/>\n<meta property=\"og:url\" content=\"https:\/\/diarieducacio.cat\/educaciolocal\/avis-legal-i-politica-de-privacitat\/\" \/>\n<meta property=\"og:site_name\" content=\"El blog de l&#039;educaci\u00f3 local\" \/>\n<meta property=\"article:publisher\" content=\"https:\/\/www.facebook.com\/diarieducacio\/\" \/>\n<meta property=\"article:modified_time\" content=\"2024-08-07T08:31:02+00:00\" \/>\n<meta name=\"twitter:card\" content=\"summary_large_image\" \/>\n<meta name=\"twitter:site\" content=\"@DiariEducacio\" \/>\n<meta name=\"twitter:label1\" content=\"Temps estimat de lectura\" \/>\n\t<meta name=\"twitter:data1\" content=\"4 minuts\" \/>\n<script type=\"application\/ld+json\" class=\"yoast-schema-graph\">{\"@context\":\"https:\\\/\\\/schema.org\",\"@graph\":[{\"@type\":\"WebPage\",\"@id\":\"https:\\\/\\\/diarieducacio.cat\\\/educaciolocal\\\/avis-legal-i-politica-de-privacitat\\\/\",\"url\":\"https:\\\/\\\/diarieducacio.cat\\\/educaciolocal\\\/avis-legal-i-politica-de-privacitat\\\/\",\"name\":\"Av\u00eds legal i pol\u00edtica de privacitat - El blog de l'educaci\u00f3 local\",\"isPartOf\":{\"@id\":\"https:\\\/\\\/diarieducacio.cat\\\/educaciolocal\\\/#website\"},\"datePublished\":\"2024-08-07T08:31:01+00:00\",\"dateModified\":\"2024-08-07T08:31:02+00:00\",\"breadcrumb\":{\"@id\":\"https:\\\/\\\/diarieducacio.cat\\\/educaciolocal\\\/avis-legal-i-politica-de-privacitat\\\/#breadcrumb\"},\"inLanguage\":\"ca\",\"potentialAction\":[{\"@type\":\"ReadAction\",\"target\":[\"https:\\\/\\\/diarieducacio.cat\\\/educaciolocal\\\/avis-legal-i-politica-de-privacitat\\\/\"]}]},{\"@type\":\"BreadcrumbList\",\"@id\":\"https:\\\/\\\/diarieducacio.cat\\\/educaciolocal\\\/avis-legal-i-politica-de-privacitat\\\/#breadcrumb\",\"itemListElement\":[{\"@type\":\"ListItem\",\"position\":1,\"name\":\"Inici\",\"item\":\"https:\\\/\\\/diarieducacio.cat\\\/educaciolocal\\\/\"},{\"@type\":\"ListItem\",\"position\":2,\"name\":\"Av\u00eds legal i pol\u00edtica de privacitat\"}]},{\"@type\":\"WebSite\",\"@id\":\"https:\\\/\\\/diarieducacio.cat\\\/educaciolocal\\\/#website\",\"url\":\"https:\\\/\\\/diarieducacio.cat\\\/educaciolocal\\\/\",\"name\":\"El blog de l'educaci\u00f3 local\",\"description\":\"\",\"potentialAction\":[{\"@type\":\"SearchAction\",\"target\":{\"@type\":\"EntryPoint\",\"urlTemplate\":\"https:\\\/\\\/diarieducacio.cat\\\/educaciolocal\\\/?s={search_term_string}\"},\"query-input\":{\"@type\":\"PropertyValueSpecification\",\"valueRequired\":true,\"valueName\":\"search_term_string\"}}],\"inLanguage\":\"ca\"}]}<\/script>\n<!-- \/ Yoast SEO plugin. -->","yoast_head_json":{"title":"Av\u00eds legal i pol\u00edtica de privacitat - El blog de l'educaci\u00f3 local","robots":{"index":"index","follow":"follow","max-snippet":"max-snippet:-1","max-image-preview":"max-image-preview:large","max-video-preview":"max-video-preview:-1"},"canonical":"https:\/\/diarieducacio.cat\/educaciolocal\/avis-legal-i-politica-de-privacitat\/","og_locale":"ca_ES","og_type":"article","og_title":"Av\u00eds legal i pol\u00edtica de privacitat - El blog de l'educaci\u00f3 local","og_description":"Aquesta p\u00e0gina web \u00e9s propietat de FUNDACI\u00d3 PERIODISME PLURAL, i t\u00e9 car\u00e0cter period\u00edstic. \u00c9s un diari digital que informa de l\u2019actualitat del m\u00f3n educatiu a Catalunya i a la resta de l\u2019Estat. El fet d\u2019accedir a aquesta p\u00e0gina implica el coneixement i acceptaci\u00f3 dels seg\u00fcents termes i condicions d\u2019\u00fas. 1.&nbsp;Titularitat de la p\u00e0gina web. El","og_url":"https:\/\/diarieducacio.cat\/educaciolocal\/avis-legal-i-politica-de-privacitat\/","og_site_name":"El blog de l'educaci\u00f3 local","article_publisher":"https:\/\/www.facebook.com\/diarieducacio\/","article_modified_time":"2024-08-07T08:31:02+00:00","twitter_card":"summary_large_image","twitter_site":"@DiariEducacio","twitter_misc":{"Temps estimat de lectura":"4 minuts"},"schema":{"@context":"https:\/\/schema.org","@graph":[{"@type":"WebPage","@id":"https:\/\/diarieducacio.cat\/educaciolocal\/avis-legal-i-politica-de-privacitat\/","url":"https:\/\/diarieducacio.cat\/educaciolocal\/avis-legal-i-politica-de-privacitat\/","name":"Av\u00eds legal i pol\u00edtica de privacitat - El blog de l'educaci\u00f3 local","isPartOf":{"@id":"https:\/\/diarieducacio.cat\/educaciolocal\/#website"},"datePublished":"2024-08-07T08:31:01+00:00","dateModified":"2024-08-07T08:31:02+00:00","breadcrumb":{"@id":"https:\/\/diarieducacio.cat\/educaciolocal\/avis-legal-i-politica-de-privacitat\/#breadcrumb"},"inLanguage":"ca","potentialAction":[{"@type":"ReadAction","target":["https:\/\/diarieducacio.cat\/educaciolocal\/avis-legal-i-politica-de-privacitat\/"]}]},{"@type":"BreadcrumbList","@id":"https:\/\/diarieducacio.cat\/educaciolocal\/avis-legal-i-politica-de-privacitat\/#breadcrumb","itemListElement":[{"@type":"ListItem","position":1,"name":"Inici","item":"https:\/\/diarieducacio.cat\/educaciolocal\/"},{"@type":"ListItem","position":2,"name":"Av\u00eds legal i pol\u00edtica de privacitat"}]},{"@type":"WebSite","@id":"https:\/\/diarieducacio.cat\/educaciolocal\/#website","url":"https:\/\/diarieducacio.cat\/educaciolocal\/","name":"El blog de l'educaci\u00f3 local","description":"","potentialAction":[{"@type":"SearchAction","target":{"@type":"EntryPoint","urlTemplate":"https:\/\/diarieducacio.cat\/educaciolocal\/?s={search_term_string}"},"query-input":{"@type":"PropertyValueSpecification","valueRequired":true,"valueName":"search_term_string"}}],"inLanguage":"ca"}]}},"_links":{"self":[{"href":"https:\/\/diarieducacio.cat\/educaciolocal\/wp-json\/wp\/v2\/pages\/4413","targetHints":{"allow":["GET"]}}],"collection":[{"href":"https:\/\/diarieducacio.cat\/educaciolocal\/wp-json\/wp\/v2\/pages"}],"about":[{"href":"https:\/\/diarieducacio.cat\/educaciolocal\/wp-json\/wp\/v2\/types\/page"}],"author":[{"embeddable":true,"href":"https:\/\/diarieducacio.cat\/educaciolocal\/wp-json\/wp\/v2\/users\/1"}],"replies":[{"embeddable":true,"href":"https:\/\/diarieducacio.cat\/educaciolocal\/wp-json\/wp\/v2\/comments?post=4413"}],"version-history":[{"count":1,"href":"https:\/\/diarieducacio.cat\/educaciolocal\/wp-json\/wp\/v2\/pages\/4413\/revisions"}],"predecessor-version":[{"id":4414,"href":"https:\/\/diarieducacio.cat\/educaciolocal\/wp-json\/wp\/v2\/pages\/4413\/revisions\/4414"}],"wp:attachment":[{"href":"https:\/\/diarieducacio.cat\/educaciolocal\/wp-json\/wp\/v2\/media?parent=4413"}],"curies":[{"name":"wp","href":"https:\/\/api.w.org\/{rel}","templated":true}]}}